{"id":10,"date":"2014-03-04T16:31:37","date_gmt":"2014-03-04T16:31:37","guid":{"rendered":"http:\/\/www.wildcatsmagazine.nl\/wpnl\/andeskat\/"},"modified":"2022-02-22T12:49:19","modified_gmt":"2022-02-22T11:49:19","slug":"andeskat","status":"publish","type":"page","link":"https:\/\/wildcatsmagazine.nl\/wpnl\/andeskat\/","title":{"rendered":"Andeskat of bergkat (Leopardus Jacobita)"},"content":{"rendered":"<p><img loading=\"lazy\" decoding=\"async\" class=\"alignright\" src=\"http:\/\/wildcatsmagazine.nl\/wpnl\/wp-content\/uploads\/2014\/03\/Andeskat_of_Bergkat.jpg\" alt=\"\" width=\"240\" height=\"137\" \/>De Andeskat of Bergkat is een kleine kat die voorkomt in het Andesgebergte van Bolivia, Chili en Argentini\u00eb en hij komt waarschijnlijk ook voor in Peru. Het is \u00e9\u00e9n van de minst bekende en zeldzaamste katachtige die zeer zelden in het wild gezien wordt en tevens niet in gevangenschap voorkomt. De Andeskat wordt wel eens verward met de Pampeskat die veel op hem lijkt en die in hetzelfde gebied voorkomt. Hij is ongeveer zo groot als een huiskat maar toont groter door de enorme lange staart. Hij heeft een dikke, zilvergrijze vacht met strepen en vlekken.De naam Bergkat zegt het al dat deze kat hoog in de bergen voorkomt. Net als bij het grotere familielied, de sneeuwpanter, behoren vooral rotsige, droge en schaarsbergroeide gebieden tot zijn leefgebied. Hij komt vrijwel alleen boven de boomgrens voor tot op hoogtes van 3.500 meter tot wel 5.100 meter.<\/p>\n<p>De Andes- of Bergkat is een solitair dier die alleen in de paartijd samenkomt met een soortgenoot. Na een draagtijd van ongeveer 65 dagen komen er op een goed verscholen plek twee tot vijf jongen ter wereld. De oogjes van de jongen gaan na ongeveer tien dagen open. Tot die tijd blijven ze in het nest en vanaf vier of vijf weken worden de katjes levendig en speels. Ze zullen zich dan steeds verder van het nest begeven onder toeziend oog van de moeder. De vader bemoeit zich niet met de opvoeding. De Andes- of Bergkat is een sterk bedreigd dier. De sterke afname van de prooidieren (chinchilla&#8217;s, viscacha&#8217;s) is \u00e9\u00e9n van de hoofdoorzaken waarom deze kat bijna uitgestorven is als er niet snel maatregelen genomen worden. Verder worden ze vaak gedood in Chili en Bolivia wegens lokaal bijgeloof en door stropers. Ze werden oorspronkelijk bejaagd door honden. Het is een traditie in de Andes om gedroogde Andeskat of Pampeskat te houden voor feesten, waarbij ze versierd worden met strikken en geld.<\/p>\n<p><img decoding=\"async\" src=\"http:\/\/www.wildcatsmagazine.nl\/images\/IMG_2283.JPG\" alt=\"\" \/><\/p>\n<p>Men schat de populatie op ongeveer 2500 exemplaren met zo&#8217;n 250 subexemplaren. Als er nu niet serieus actie ondernomen wordt is ook de Andeskat-of Bergkat binnen onafzienbare tijd uitgestorven.<\/p>\n<p>Tekst: Babette de Jonge<\/p>\n<p>Website: <a href=\"https:\/\/www.wildcatsmagazine.nl\/\"> www.wildcatsmagazine.nl<\/a><\/p>\n","protected":false},"excerpt":{"rendered":"<p>De Andeskat of Bergkat is een kleine kat die voorkomt in het Andesgebergte van Bolivia, Chili en Argentini\u00eb en hij komt waarschijnlijk ook voor in Peru. Het is \u00e9\u00e9n van de minst bekende en zeldzaamste katachtige die zeer zelden in het wild gezien wordt en tevens niet in gevangenschap voorkomt. De Andeskat wordt wel eens &#8230; <a title=\"Andeskat of bergkat (Leopardus Jacobita)\" class=\"read-more\" href=\"https:\/\/wildcatsmagazine.nl\/wpnl\/andeskat\/\" aria-label=\"Lees meer over Andeskat of bergkat (Leopardus Jacobita)\">Lees meer<\/a><\/p>\n","protected":false},"author":2,"featured_media":0,"parent":0,"menu_order":0,"comment_status":"closed","ping_status":"open","template":"","meta":{"footnotes":""},"class_list":["post-10","page","type-page","status-publish"],"yoast_head":"<!-- This site is optimized with the Yoast SEO plugin v27.3 - https:\/\/yoast.com\/product\/yoast-seo-wordpress\/ -->\n<title>Andeskat of bergkat (Leopardus Jacobita) - Wild Cats Magazine<\/title>\n<meta name=\"robots\" content=\"index, follow, max-snippet:-1, max-image-preview:large, max-video-preview:-1\" \/>\n<link rel=\"canonical\" href=\"https:\/\/wildcatsmagazine.nl\/wpnl\/andeskat\/\" \/>\n<meta property=\"og:locale\" content=\"nl_NL\" \/>\n<meta property=\"og:type\" content=\"article\" \/>\n<meta property=\"og:title\" content=\"Andeskat of bergkat (Leopardus Jacobita) - Wild Cats Magazine\" \/>\n<meta property=\"og:description\" content=\"De Andeskat of Bergkat is een kleine kat die voorkomt in het Andesgebergte van Bolivia, Chili en Argentini\u00eb en hij komt waarschijnlijk ook voor in Peru. Het is \u00e9\u00e9n van de minst bekende en zeldzaamste katachtige die zeer zelden in het wild gezien wordt en tevens niet in gevangenschap voorkomt. De Andeskat wordt wel eens ... Lees meer\" \/>\n<meta property=\"og:url\" content=\"https:\/\/wildcatsmagazine.nl\/wpnl\/andeskat\/\" \/>\n<meta property=\"og:site_name\" content=\"Wild Cats Magazine\" \/>\n<meta property=\"article:publisher\" content=\"http:\/\/facebook.com\/pages\/Wild-Cats-World\/122586544451718\" \/>\n<meta property=\"article:modified_time\" content=\"2022-02-22T11:49:19+00:00\" \/>\n<meta property=\"og:image\" content=\"http:\/\/wildcatsmagazine.nl\/wpnl\/wp-content\/uploads\/2014\/03\/Andeskat_of_Bergkat.jpg\" \/>\n<meta name=\"twitter:label1\" content=\"Geschatte leestijd\" \/>\n\t<meta name=\"twitter:data1\" content=\"3 minuten\" \/>\n<script type=\"application\/ld+json\" class=\"yoast-schema-graph\">{\"@context\":\"https:\\\/\\\/schema.org\",\"@graph\":[{\"@type\":\"WebPage\",\"@id\":\"https:\\\/\\\/wildcatsmagazine.nl\\\/wpnl\\\/andeskat\\\/\",\"url\":\"https:\\\/\\\/wildcatsmagazine.nl\\\/wpnl\\\/andeskat\\\/\",\"name\":\"Andeskat of bergkat (Leopardus Jacobita) - Wild Cats Magazine\",\"isPartOf\":{\"@id\":\"https:\\\/\\\/wildcatsmagazine.nl\\\/wpnl\\\/#website\"},\"primaryImageOfPage\":{\"@id\":\"https:\\\/\\\/wildcatsmagazine.nl\\\/wpnl\\\/andeskat\\\/#primaryimage\"},\"image\":{\"@id\":\"https:\\\/\\\/wildcatsmagazine.nl\\\/wpnl\\\/andeskat\\\/#primaryimage\"},\"thumbnailUrl\":\"http:\\\/\\\/wildcatsmagazine.nl\\\/wpnl\\\/wp-content\\\/uploads\\\/2014\\\/03\\\/Andeskat_of_Bergkat.jpg\",\"datePublished\":\"2014-03-04T16:31:37+00:00\",\"dateModified\":\"2022-02-22T11:49:19+00:00\",\"inLanguage\":\"nl-NL\",\"potentialAction\":[{\"@type\":\"ReadAction\",\"target\":[\"https:\\\/\\\/wildcatsmagazine.nl\\\/wpnl\\\/andeskat\\\/\"]}]},{\"@type\":\"ImageObject\",\"inLanguage\":\"nl-NL\",\"@id\":\"https:\\\/\\\/wildcatsmagazine.nl\\\/wpnl\\\/andeskat\\\/#primaryimage\",\"url\":\"http:\\\/\\\/wildcatsmagazine.nl\\\/wpnl\\\/wp-content\\\/uploads\\\/2014\\\/03\\\/Andeskat_of_Bergkat.jpg\",\"contentUrl\":\"http:\\\/\\\/wildcatsmagazine.nl\\\/wpnl\\\/wp-content\\\/uploads\\\/2014\\\/03\\\/Andeskat_of_Bergkat.jpg\"},{\"@type\":\"WebSite\",\"@id\":\"https:\\\/\\\/wildcatsmagazine.nl\\\/wpnl\\\/#website\",\"url\":\"https:\\\/\\\/wildcatsmagazine.nl\\\/wpnl\\\/\",\"name\":\"Wild Cats Magazine\",\"description\":\"Welkom in de wereld van de vorstelijke katten\",\"publisher\":{\"@id\":\"https:\\\/\\\/wildcatsmagazine.nl\\\/wpnl\\\/#organization\"},\"potentialAction\":[{\"@type\":\"SearchAction\",\"target\":{\"@type\":\"EntryPoint\",\"urlTemplate\":\"https:\\\/\\\/wildcatsmagazine.nl\\\/wpnl\\\/?s={search_term_string}\"},\"query-input\":{\"@type\":\"PropertyValueSpecification\",\"valueRequired\":true,\"valueName\":\"search_term_string\"}}],\"inLanguage\":\"nl-NL\"},{\"@type\":\"Organization\",\"@id\":\"https:\\\/\\\/wildcatsmagazine.nl\\\/wpnl\\\/#organization\",\"name\":\"Wild Cats Magazine\",\"url\":\"https:\\\/\\\/wildcatsmagazine.nl\\\/wpnl\\\/\",\"logo\":{\"@type\":\"ImageObject\",\"inLanguage\":\"nl-NL\",\"@id\":\"https:\\\/\\\/wildcatsmagazine.nl\\\/wpnl\\\/#\\\/schema\\\/logo\\\/image\\\/\",\"url\":\"https:\\\/\\\/wildcatsmagazine.nl\\\/wpnl\\\/wp-content\\\/uploads\\\/2022\\\/01\\\/wcm-logo.png\",\"contentUrl\":\"https:\\\/\\\/wildcatsmagazine.nl\\\/wpnl\\\/wp-content\\\/uploads\\\/2022\\\/01\\\/wcm-logo.png\",\"width\":500,\"height\":65,\"caption\":\"Wild Cats Magazine\"},\"image\":{\"@id\":\"https:\\\/\\\/wildcatsmagazine.nl\\\/wpnl\\\/#\\\/schema\\\/logo\\\/image\\\/\"},\"sameAs\":[\"http:\\\/\\\/facebook.com\\\/pages\\\/Wild-Cats-World\\\/122586544451718\",\"https:\\\/\\\/x.com\\\/WildCatsWorld\",\"http:\\\/\\\/youtube.com\\\/WildCatsFilms\"]}]}<\/script>\n<!-- \/ Yoast SEO plugin. -->","yoast_head_json":{"title":"Andeskat of bergkat (Leopardus Jacobita) - Wild Cats Magazine","robots":{"index":"index","follow":"follow","max-snippet":"max-snippet:-1","max-image-preview":"max-image-preview:large","max-video-preview":"max-video-preview:-1"},"canonical":"https:\/\/wildcatsmagazine.nl\/wpnl\/andeskat\/","og_locale":"nl_NL","og_type":"article","og_title":"Andeskat of bergkat (Leopardus Jacobita) - Wild Cats Magazine","og_description":"De Andeskat of Bergkat is een kleine kat die voorkomt in het Andesgebergte van Bolivia, Chili en Argentini\u00eb en hij komt waarschijnlijk ook voor in Peru. Het is \u00e9\u00e9n van de minst bekende en zeldzaamste katachtige die zeer zelden in het wild gezien wordt en tevens niet in gevangenschap voorkomt. De Andeskat wordt wel eens ... Lees meer","og_url":"https:\/\/wildcatsmagazine.nl\/wpnl\/andeskat\/","og_site_name":"Wild Cats Magazine","article_publisher":"http:\/\/facebook.com\/pages\/Wild-Cats-World\/122586544451718","article_modified_time":"2022-02-22T11:49:19+00:00","og_image":[{"url":"http:\/\/wildcatsmagazine.nl\/wpnl\/wp-content\/uploads\/2014\/03\/Andeskat_of_Bergkat.jpg","type":"","width":"","height":""}],"twitter_misc":{"Geschatte leestijd":"3 minuten"},"schema":{"@context":"https:\/\/schema.org","@graph":[{"@type":"WebPage","@id":"https:\/\/wildcatsmagazine.nl\/wpnl\/andeskat\/","url":"https:\/\/wildcatsmagazine.nl\/wpnl\/andeskat\/","name":"Andeskat of bergkat (Leopardus Jacobita) - Wild Cats Magazine","isPartOf":{"@id":"https:\/\/wildcatsmagazine.nl\/wpnl\/#website"},"primaryImageOfPage":{"@id":"https:\/\/wildcatsmagazine.nl\/wpnl\/andeskat\/#primaryimage"},"image":{"@id":"https:\/\/wildcatsmagazine.nl\/wpnl\/andeskat\/#primaryimage"},"thumbnailUrl":"http:\/\/wildcatsmagazine.nl\/wpnl\/wp-content\/uploads\/2014\/03\/Andeskat_of_Bergkat.jpg","datePublished":"2014-03-04T16:31:37+00:00","dateModified":"2022-02-22T11:49:19+00:00","inLanguage":"nl-NL","potentialAction":[{"@type":"ReadAction","target":["https:\/\/wildcatsmagazine.nl\/wpnl\/andeskat\/"]}]},{"@type":"ImageObject","inLanguage":"nl-NL","@id":"https:\/\/wildcatsmagazine.nl\/wpnl\/andeskat\/#primaryimage","url":"http:\/\/wildcatsmagazine.nl\/wpnl\/wp-content\/uploads\/2014\/03\/Andeskat_of_Bergkat.jpg","contentUrl":"http:\/\/wildcatsmagazine.nl\/wpnl\/wp-content\/uploads\/2014\/03\/Andeskat_of_Bergkat.jpg"},{"@type":"WebSite","@id":"https:\/\/wildcatsmagazine.nl\/wpnl\/#website","url":"https:\/\/wildcatsmagazine.nl\/wpnl\/","name":"Wild Cats Magazine","description":"Welkom in de wereld van de vorstelijke katten","publisher":{"@id":"https:\/\/wildcatsmagazine.nl\/wpnl\/#organization"},"potentialAction":[{"@type":"SearchAction","target":{"@type":"EntryPoint","urlTemplate":"https:\/\/wildcatsmagazine.nl\/wpnl\/?s={search_term_string}"},"query-input":{"@type":"PropertyValueSpecification","valueRequired":true,"valueName":"search_term_string"}}],"inLanguage":"nl-NL"},{"@type":"Organization","@id":"https:\/\/wildcatsmagazine.nl\/wpnl\/#organization","name":"Wild Cats Magazine","url":"https:\/\/wildcatsmagazine.nl\/wpnl\/","logo":{"@type":"ImageObject","inLanguage":"nl-NL","@id":"https:\/\/wildcatsmagazine.nl\/wpnl\/#\/schema\/logo\/image\/","url":"https:\/\/wildcatsmagazine.nl\/wpnl\/wp-content\/uploads\/2022\/01\/wcm-logo.png","contentUrl":"https:\/\/wildcatsmagazine.nl\/wpnl\/wp-content\/uploads\/2022\/01\/wcm-logo.png","width":500,"height":65,"caption":"Wild Cats Magazine"},"image":{"@id":"https:\/\/wildcatsmagazine.nl\/wpnl\/#\/schema\/logo\/image\/"},"sameAs":["http:\/\/facebook.com\/pages\/Wild-Cats-World\/122586544451718","https:\/\/x.com\/WildCatsWorld","http:\/\/youtube.com\/WildCatsFilms"]}]}},"_links":{"self":[{"href":"https:\/\/wildcatsmagazine.nl\/wpnl\/wp-json\/wp\/v2\/pages\/10","targetHints":{"allow":["GET"]}}],"collection":[{"href":"https:\/\/wildcatsmagazine.nl\/wpnl\/wp-json\/wp\/v2\/pages"}],"about":[{"href":"https:\/\/wildcatsmagazine.nl\/wpnl\/wp-json\/wp\/v2\/types\/page"}],"author":[{"embeddable":true,"href":"https:\/\/wildcatsmagazine.nl\/wpnl\/wp-json\/wp\/v2\/users\/2"}],"replies":[{"embeddable":true,"href":"https:\/\/wildcatsmagazine.nl\/wpnl\/wp-json\/wp\/v2\/comments?post=10"}],"version-history":[{"count":3,"href":"https:\/\/wildcatsmagazine.nl\/wpnl\/wp-json\/wp\/v2\/pages\/10\/revisions"}],"predecessor-version":[{"id":1963,"href":"https:\/\/wildcatsmagazine.nl\/wpnl\/wp-json\/wp\/v2\/pages\/10\/revisions\/1963"}],"wp:attachment":[{"href":"https:\/\/wildcatsmagazine.nl\/wpnl\/wp-json\/wp\/v2\/media?parent=10"}],"curies":[{"name":"wp","href":"https:\/\/api.w.org\/{rel}","templated":true}]}}